{"id":8330,"date":"2022-11-22T11:36:32","date_gmt":"2022-11-21T22:36:32","guid":{"rendered":"https:\/\/www.coresilium.com\/?page_id=8330"},"modified":"2022-11-22T10:05:26","modified_gmt":"2022-11-21T21:05:26","slug":"politique-de-confidentialite","status":"publish","type":"page","link":"https:\/\/www.coresilium.com\/fr\/politique-de-confidentialite\/","title":{"rendered":"Politique de confidentialit\u00e9"},"content":{"rendered":"\n<h2 class=\"wp-block-heading\">Introduction<\/h2>\n\n\n\n<p class=\"wp-block-paragraph\">Dans le cadre de ses activit\u00e9s, Coresilium Ltd (ci-apr\u00e8s \u00ab <strong>Coresilium<\/strong> \u00bb) collecte et traite divers types d&rsquo;informations, incluant des \u00ab donn\u00e9es personnelles \u00bb. Coresilium attache une haute importance au respect de la vie priv\u00e9e de ses clients. L&rsquo;\u00e9quipe de Coresilium s&rsquo;engage \u00e0 collecter et \u00e0 utiliser vos donn\u00e9es personnelles de mani\u00e8re responsable et confidentielle, et ce, uniquement pour des finalit\u00e9s clairement \u00e9tablies et avec votre consentement.<\/p>\n\n\n\n<p class=\"wp-block-paragraph\">Cette Politique de confidentialit\u00e9 s&rsquo;applique aux informations que nous obtenons lors de votre utilisation des sites web de Coresilium, y compris ses sous-domaines (<strong>coresilium.com<\/strong>, <strong>www.coresilium.com<\/strong>, <strong>app.coresilium.com<\/strong>).<\/p>\n\n\n\n<h2 class=\"wp-block-heading\">\u00c0 propos de Coresilium<\/h2>\n\n\n\n<p class=\"wp-block-paragraph\">Coresilium est une entreprise priv\u00e9e proposant des produits et des services de consultation destin\u00e9s \u00e0 am\u00e9liorer la s\u00e9curit\u00e9 informatique des petites et moyennes entreprises.<\/p>\n\n\n\n<p class=\"wp-block-paragraph\">Eponine Pauchard est la repr\u00e9sentante l\u00e9gale de Coresilium. Si vous avez des questions concernant cette Politique de confidentialit\u00e9 ou la gestion de vos donn\u00e9es personnelles, veuillez nous contacter \u00e0 l&rsquo;adresse suivante : <a href=\"mailto:contact@coresilium.com\">contact@coresilium.com<\/a>.<\/p>\n\n\n\n<h2 class=\"wp-block-heading\">Les donn\u00e9es personnelles que nous collectons<\/h2>\n\n\n\n<p class=\"wp-block-paragraph\">Pour vous offrir la meilleure exp\u00e9rience possible, nos sites web recueillent deux&nbsp;types de donn\u00e9es&nbsp;:<\/p>\n\n\n\n<p class=\"wp-block-paragraph\"><strong>Les donn\u00e9es que vous nous transmettez directement<\/strong>. Ces donn\u00e9es sont celles que vous nous transmettez directement, via un formulaire, en vous inscrivant \u00e0 l\u2019infolettre, en prenant rendez-vous ou en achetant une de nos solutions en ligne (tels que nom, pr\u00e9nom, nom de votre organisation ou adresse de courriel).<\/p>\n\n\n\n<p class=\"wp-block-paragraph\"><strong>Les donn\u00e9es que nous collectons automatiquement<\/strong>. Lorsque vous visitez notre site, nous enregistrons les informations suivantes : le site web depuis lequel vous nous avez visit\u00e9s, les sections de notre site que vous consultez, la date et la dur\u00e9e de votre visite, votre adresse IP anonymis\u00e9e, ainsi que des informations provenant de l&rsquo;appareil que vous utilisez pendant votre visite (type d&rsquo;appareil, syst\u00e8me d&rsquo;exploitation, r\u00e9solution d&rsquo;\u00e9cran, langue, pays de localisation et type de navigateur web). Nos sites web font usage de la technologie des t\u00e9moins de navigation (aussi appel\u00e9s \u00ab\u00a0cookies\u00a0\u00bb), comme expliqu\u00e9 dans la section suivante.<\/p>\n\n\n\n<h2 class=\"wp-block-heading\">T\u00e9moins de navigation (ou \u00ab\u00a0cookies\u00a0\u00bb)<\/h2>\n\n\n\n<p class=\"wp-block-paragraph\">Nous utilisons des t\u00e9moins de navigation (\u00ab\u00a0cookies\u00a0\u00bb en anglais) pour am\u00e9liorer votre exp\u00e9rience et comprendre comment vous utilisez notre site. Ces petits fichiers enregistr\u00e9s dans votre navigateur web nous donnent des informations utiles, comme votre langue pr\u00e9f\u00e9r\u00e9e, et sont uniquement destin\u00e9s \u00e0 faciliter votre navigation ou \u00e0 des fins statistiques anonymis\u00e9es.<\/p>\n\n\n\n<p class=\"wp-block-paragraph\">Ces mesures se font de fa\u00e7on anonyme avec Matomo, un outil d\u2019analyse web conforme \u00e0 RGPD et la Loi 25. Ces donn\u00e9es sont h\u00e9berg\u00e9es sur notre propre serveur. <strong>Nos cookies ne n\u00e9cessitent pas votre consentement, <\/strong>car ils ne vous suivent pas personnellement, ne sont pas utilis\u00e9s pour de la publicit\u00e9 cibl\u00e9e, ne sont pas partag\u00e9s avec des tiers et ne permettent pas un suivi global de votre navigation sur d&rsquo;autres sites web ou applications. <\/p>\n\n\n\n<p class=\"wp-block-paragraph\">Vous trouverez de plus amples informations sur les cookies et les technologies similaires sur le site de la <a href=\"https:\/\/www.cnil.fr\/fr\/cookies-et-autres-traceurs\">CNIL<\/a>. Pour param\u00e9trer la gestion des t\u00e9moins depuis votre navigateur, vous trouverez la m\u00e9thode, selon votre navigateur, sur le site de la <a href=\"https:\/\/www.cnil.fr\/fr\/cookies-et-autres-traceurs\/comment-se-proteger\/maitriser-votre-navigateur\">CNIL<\/a>.<\/p>\n\n\n\n<p class=\"wp-block-paragraph\">Vous pouvez changer les options de suivi des cookies de notre site ci dessous :<\/p>\n\n\n\n<div class=\"wp-block-group has-custom-gris-pale-background-color has-background has-global-padding is-layout-constrained wp-block-group-is-layout-constrained\">\n<p id=\"matomo_opted_out_intro\" style=\"display:none;\">Opt-out complete; your visits to this website will not be recorded by the Web Analytics tool. Note that if you clear your cookies, delete the opt-out cookie, or if you change computers or Web browsers, you will need to perform the opt-out procedure again.<\/p><p id=\"matomo_opted_in_intro\" >You may choose to prevent this website from aggregating and analyzing the actions you take here. Doing so will protect your privacy, but will also prevent the owner from learning from your actions and creating a better experience for you and other users.<\/p><form>\n        <input type=\"checkbox\" id=\"matomo_optout_checkbox\" checked=\"checked\"\/>\n        <label for=\"matomo_optout_checkbox\"><strong>\n        <span id=\"matomo_opted_in_label\" >You are not opted out. Uncheck this box to opt-out.<\/span>\n\t\t<span id=\"matomo_opted_out_label\" style=\"display:none;\">You are currently opted out. Check this box to opt-in.<\/span>\n        <\/strong><\/label><\/form><noscript><p><strong style=\"color: #ff0000;\">This opt out feature requires JavaScript.<\/strong><\/p><\/noscript><p id=\"matomo_outout_err_cookies\" style=\"display: none;\"><strong>The tracking opt-out feature requires cookies to be enabled.<\/strong><\/p>\n<\/div>\n\n\n\n<h2 class=\"wp-block-heading\">Vos droits<\/h2>\n\n\n\n<p class=\"wp-block-paragraph\">Vous avez le droit d&rsquo;\u00eatre inform\u00e9 des donn\u00e9es personnelles trait\u00e9es par Coresilium, ainsi que le droit de rectifier, demander l&rsquo;effacement et la limitation du traitement de ces donn\u00e9es. Vous avez \u00e9galement le droit de nous demander de vous fournir une copie de vos donn\u00e9es personnelles.<\/p>\n\n\n\n<p class=\"wp-block-paragraph\">Nous pourrons r\u00e9pondre \u00e0 votre demande et fournir des informations seulement si vous prenez contact avec nous directement et si vous avez utilis\u00e9 notre site web ou nos services. <\/p>\n\n\n\n<p class=\"wp-block-paragraph\">Pour exercer l&rsquo;un des droits mentionn\u00e9s dans cette Politique de confidentialit\u00e9, ou si vous avez des questions ou des commentaires relatifs \u00e0 l&rsquo;utilisation de vos donn\u00e9es personnelles, vous pouvez nous contacter \u00e0 l&rsquo;adresse suivante: <a href=\"mailto:contact@coresilium.com\">contact@coresilium.com<\/a>.<\/p>\n\n\n\n<h2 class=\"wp-block-heading\">Sous-traitants<\/h2>\n\n\n\n<p class=\"wp-block-paragraph\">Nous faisons appel \u00e0 des fournisseurs externes de confiance pour certaines op\u00e9rations techniques de traitement de donn\u00e9es ou pour des services sp\u00e9cifiques. Ces sous-traitants sont soigneusement s\u00e9lectionn\u00e9s et respectent des normes \u00e9lev\u00e9es en mati\u00e8re de protection et de s\u00e9curit\u00e9 des donn\u00e9es.<\/p>\n\n\n\n<p class=\"wp-block-paragraph\">Nous ne partageons avec eux que les informations n\u00e9cessaires aux services propos\u00e9s. Coresilium demeure responsable du traitement des donn\u00e9es personnelles confi\u00e9es aux sous-traitants list\u00e9s ci-dessous :<\/p>\n\n\n\n<figure class=\"wp-block-table\"><table><tbody><tr><td><strong>Destinataire<\/strong><\/td><td><strong>Finalit\u00e9<\/strong><\/td><td><strong>Base l\u00e9gale<\/strong><\/td><td><strong>Localisation<\/strong><\/td><td><strong>Donn\u00e9es personnelles collect\u00e9es<\/strong><\/td><td><strong>Politique de confidentialit\u00e9<\/strong><\/td><\/tr><tr><td>Amazon AWS<\/td><td>H\u00e9bergement et acc\u00e8s \u00e0 nos sites web et solutions en ligne<\/td><td>Int\u00e9r\u00eat l\u00e9gitime<\/td><td>\u00c9tats-Unis d&rsquo;Am\u00e9rique<\/td><td>Journaux des serveurs Web (adresses IP anonymis\u00e9es, version de navigateur Web).<\/td><td><a href=\"https:\/\/aws.amazon.com\/fr\/privacy\/\">Lien<\/a><\/td><\/tr><tr><td>Zoho CRM<\/td><td>Envoi de l&rsquo;infolettre et des campagnes marketing<\/td><td>Consentement explicite<\/td><td>Union Europ\u00e9enne<\/td><td>Adresse de courriel professionnelle, nom et pr\u00e9nom, ouverture et clics des messages, courriels.<\/td><td><a href=\"https:\/\/www.zoho.com\/privacy.html\">Lien<\/a><\/td><\/tr><tr><td>Zoho CRM<\/td><td>Envoi des plans d&rsquo;action (Cybers\u00e9curit\u00e9 et Conformit\u00e9)<\/td><td>Consentement explicite<\/td><td>Union Europ\u00e9enne<\/td><td>Adresse de courriel professionnelle, nom de votre organisation, nom et pr\u00e9nom, ouverture et clics, courriels.<\/td><td><a href=\"https:\/\/www.zoho.com\/privacy.html\">Lien<\/a><\/td><\/tr><tr><td>Microsoft 365<\/td><td>Envoi et r\u00e9ceptions des messages \u00e9lectroniques<\/td><td>Int\u00e9r\u00eat l\u00e9gitime<\/td><td>Australie<\/td><td>Courriel et contenu des messages.<\/td><td><a href=\"https:\/\/privacy.microsoft.com\/fr-fr\/privacystatement\">Lien<\/a><\/td><\/tr><tr><td>Stripe<\/td><td>R\u00e9ception des paiements<\/td><td>Consentement explicite<\/td><td>\u00c9tats-Unis d&rsquo;Am\u00e9rique<\/td><td>Transactions de paiement (nom, pr\u00e9nom, adresse de courriel, adresse professionnelle, organisation, information de carte de paiement).<\/td><td><a href=\"https:\/\/stripe.com\/fr\/privacy\">Lien<\/a><\/td><\/tr><\/tbody><\/table><\/figure>\n\n\n\n<h2 class=\"wp-block-heading\">Consentement<\/h2>\n\n\n\n<p class=\"wp-block-paragraph\">Nous collectons vos donn\u00e9es personnelles uniquement avec votre consentement, que vous nous donnez explicitement en vous inscrivant \u00e0 notre lettre d&rsquo;information ou en achetant nos produits en ligne. Ce consentement est donn\u00e9 de mani\u00e8re libre, claire et non \u00e9quivoque. Vous pouvez le retirer quand vous le souhaitez, en cliquant sur le lien dans chaque infolettre.<\/p>\n\n\n\n<h2 class=\"wp-block-heading\">Dur\u00e9e de conservation<\/h2>\n\n\n\n<p class=\"wp-block-paragraph\">Nous conservons les donn\u00e9es personnelles de nos clients aussi longtemps que n\u00e9cessaire pour l\u2019activit\u00e9 vis\u00e9e. Ainsi, nous conservons ind\u00e9finiment les messages que vous nous envoyez, de m\u00eame que vos coordonn\u00e9es apr\u00e8s votre inscription \u00e0 la liste de diffusion. \u00c0 la suite de votre d\u00e9sinscription de la liste de diffusion, nous conservons les donn\u00e9es au maximum 18 mois avant de les supprimer d\u00e9finitivement. <\/p>\n\n\n\n<p class=\"wp-block-paragraph\"><strong>Date de derni\u00e8re r\u00e9vision :<\/strong> Ao\u00fbt 2023<\/p>\n","protected":false},"excerpt":{"rendered":"<p>Introduction Dans le cadre de ses activit\u00e9s, Coresilium Ltd (ci-apr\u00e8s \u00ab Coresilium \u00bb) collecte et traite divers types d&rsquo;informations, incluant des \u00ab donn\u00e9es personnelles \u00bb. Coresilium attache une haute importance au respect de la vie priv\u00e9e de ses clients. L&rsquo;\u00e9quipe de Coresilium s&rsquo;engage \u00e0 collecter et \u00e0 utiliser vos donn\u00e9es personnelles de mani\u00e8re responsable et [&hellip;]<\/p>\n","protected":false},"author":4,"featured_media":0,"parent":0,"menu_order":0,"comment_status":"closed","ping_status":"closed","template":"","meta":{"_crdt_document":"","_lmt_disableupdate":"yes","_lmt_disable":"","footnotes":""},"class_list":["post-8330","page","type-page","status-publish","hentry"],"yoast_head":"<!-- This site is optimized with the Yoast SEO plugin v27.2 - https:\/\/yoast.com\/product\/yoast-seo-wordpress\/ -->\n<title>Politique de confidentialit\u00e9 - Coresilium<\/title>\n<meta name=\"description\" content=\"Nous attachons une grande importance au respect de la vie priv\u00e9e, et n\u2019utilisons que des donn\u00e9es de mani\u00e8re responsable et confidentielle.\" \/>\n<meta name=\"robots\" content=\"index, follow, max-snippet:-1, max-image-preview:large, max-video-preview:-1\" \/>\n<link rel=\"canonical\" href=\"https:\/\/www.coresilium.com\/fr\/politique-de-confidentialite\/\" \/>\n<meta property=\"og:locale\" content=\"fr_FR\" \/>\n<meta property=\"og:type\" content=\"article\" \/>\n<meta property=\"og:title\" content=\"Politique de confidentialit\u00e9 - Coresilium\" \/>\n<meta property=\"og:description\" content=\"Nous attachons une grande importance au respect de la vie priv\u00e9e, et n\u2019utilisons que des donn\u00e9es de mani\u00e8re responsable et confidentielle.\" \/>\n<meta property=\"og:url\" content=\"https:\/\/www.coresilium.com\/fr\/politique-de-confidentialite\/\" \/>\n<meta property=\"og:site_name\" content=\"Coresilium\" \/>\n<meta property=\"og:image\" content=\"https:\/\/www.coresilium.com\/wp-content\/uploads\/Coresilium-logo-petit.png\" \/>\n\t<meta property=\"og:image:width\" content=\"305\" \/>\n\t<meta property=\"og:image:height\" content=\"80\" \/>\n\t<meta property=\"og:image:type\" content=\"image\/png\" \/>\n<script type=\"application\/ld+json\" class=\"yoast-schema-graph\">{\"@context\":\"https:\/\/schema.org\",\"@graph\":[{\"@type\":\"WebPage\",\"@id\":\"https:\/\/www.coresilium.com\/fr\/politique-de-confidentialite\/\",\"url\":\"https:\/\/www.coresilium.com\/fr\/politique-de-confidentialite\/\",\"name\":\"Politique de confidentialit\u00e9 - Coresilium\",\"isPartOf\":{\"@id\":\"https:\/\/www.coresilium.com\/fr\/#website\"},\"datePublished\":\"2022-11-21T22:36:32+00:00\",\"description\":\"Nous attachons une grande importance au respect de la vie priv\u00e9e, et n\u2019utilisons que des donn\u00e9es de mani\u00e8re responsable et confidentielle.\",\"breadcrumb\":{\"@id\":\"https:\/\/www.coresilium.com\/fr\/politique-de-confidentialite\/#breadcrumb\"},\"inLanguage\":\"fr-FR\",\"potentialAction\":[{\"@type\":\"ReadAction\",\"target\":[\"https:\/\/www.coresilium.com\/fr\/politique-de-confidentialite\/\"]}]},{\"@type\":\"BreadcrumbList\",\"@id\":\"https:\/\/www.coresilium.com\/fr\/politique-de-confidentialite\/#breadcrumb\",\"itemListElement\":[{\"@type\":\"ListItem\",\"position\":1,\"name\":\"Accueil\",\"item\":\"https:\/\/www.coresilium.com\/fr\/\"},{\"@type\":\"ListItem\",\"position\":2,\"name\":\"Politique de confidentialit\u00e9\"}]},{\"@type\":\"WebSite\",\"@id\":\"https:\/\/www.coresilium.com\/fr\/#website\",\"url\":\"https:\/\/www.coresilium.com\/fr\/\",\"name\":\"Coresilium\",\"description\":\"Soyez-pr\u00eat \u00e0 faire face aux impr\u00e9vus\",\"publisher\":{\"@id\":\"https:\/\/www.coresilium.com\/fr\/#organization\"},\"potentialAction\":[{\"@type\":\"SearchAction\",\"target\":{\"@type\":\"EntryPoint\",\"urlTemplate\":\"https:\/\/www.coresilium.com\/fr\/?s={search_term_string}\"},\"query-input\":{\"@type\":\"PropertyValueSpecification\",\"valueRequired\":true,\"valueName\":\"search_term_string\"}}],\"inLanguage\":\"fr-FR\"},{\"@type\":\"Organization\",\"@id\":\"https:\/\/www.coresilium.com\/fr\/#organization\",\"name\":\"Coresilium\",\"url\":\"https:\/\/www.coresilium.com\/fr\/\",\"logo\":{\"@type\":\"ImageObject\",\"inLanguage\":\"fr-FR\",\"@id\":\"https:\/\/www.coresilium.com\/fr\/#\/schema\/logo\/image\/\",\"url\":\"https:\/\/www.coresilium.com\/wp-content\/uploads\/Coresilium-logo-2-1-ratio-e1692234432204.png\",\"contentUrl\":\"https:\/\/www.coresilium.com\/wp-content\/uploads\/Coresilium-logo-2-1-ratio-e1692234432204.png\",\"width\":500,\"height\":127,\"caption\":\"Coresilium\"},\"image\":{\"@id\":\"https:\/\/www.coresilium.com\/fr\/#\/schema\/logo\/image\/\"},\"sameAs\":[\"https:\/\/www.linkedin.com\/company\/coresilium\/\"]}]}<\/script>\n<!-- \/ Yoast SEO plugin. -->","yoast_head_json":{"title":"Politique de confidentialit\u00e9 - Coresilium","description":"Nous attachons une grande importance au respect de la vie priv\u00e9e, et n\u2019utilisons que des donn\u00e9es de mani\u00e8re responsable et confidentielle.","robots":{"index":"index","follow":"follow","max-snippet":"max-snippet:-1","max-image-preview":"max-image-preview:large","max-video-preview":"max-video-preview:-1"},"canonical":"https:\/\/www.coresilium.com\/fr\/politique-de-confidentialite\/","og_locale":"fr_FR","og_type":"article","og_title":"Politique de confidentialit\u00e9 - Coresilium","og_description":"Nous attachons une grande importance au respect de la vie priv\u00e9e, et n\u2019utilisons que des donn\u00e9es de mani\u00e8re responsable et confidentielle.","og_url":"https:\/\/www.coresilium.com\/fr\/politique-de-confidentialite\/","og_site_name":"Coresilium","og_image":[{"width":305,"height":80,"url":"https:\/\/www.coresilium.com\/wp-content\/uploads\/Coresilium-logo-petit.png","type":"image\/png"}],"schema":{"@context":"https:\/\/schema.org","@graph":[{"@type":"WebPage","@id":"https:\/\/www.coresilium.com\/fr\/politique-de-confidentialite\/","url":"https:\/\/www.coresilium.com\/fr\/politique-de-confidentialite\/","name":"Politique de confidentialit\u00e9 - Coresilium","isPartOf":{"@id":"https:\/\/www.coresilium.com\/fr\/#website"},"datePublished":"2022-11-21T22:36:32+00:00","description":"Nous attachons une grande importance au respect de la vie priv\u00e9e, et n\u2019utilisons que des donn\u00e9es de mani\u00e8re responsable et confidentielle.","breadcrumb":{"@id":"https:\/\/www.coresilium.com\/fr\/politique-de-confidentialite\/#breadcrumb"},"inLanguage":"fr-FR","potentialAction":[{"@type":"ReadAction","target":["https:\/\/www.coresilium.com\/fr\/politique-de-confidentialite\/"]}]},{"@type":"BreadcrumbList","@id":"https:\/\/www.coresilium.com\/fr\/politique-de-confidentialite\/#breadcrumb","itemListElement":[{"@type":"ListItem","position":1,"name":"Accueil","item":"https:\/\/www.coresilium.com\/fr\/"},{"@type":"ListItem","position":2,"name":"Politique de confidentialit\u00e9"}]},{"@type":"WebSite","@id":"https:\/\/www.coresilium.com\/fr\/#website","url":"https:\/\/www.coresilium.com\/fr\/","name":"Coresilium","description":"Soyez-pr\u00eat \u00e0 faire face aux impr\u00e9vus","publisher":{"@id":"https:\/\/www.coresilium.com\/fr\/#organization"},"potentialAction":[{"@type":"SearchAction","target":{"@type":"EntryPoint","urlTemplate":"https:\/\/www.coresilium.com\/fr\/?s={search_term_string}"},"query-input":{"@type":"PropertyValueSpecification","valueRequired":true,"valueName":"search_term_string"}}],"inLanguage":"fr-FR"},{"@type":"Organization","@id":"https:\/\/www.coresilium.com\/fr\/#organization","name":"Coresilium","url":"https:\/\/www.coresilium.com\/fr\/","logo":{"@type":"ImageObject","inLanguage":"fr-FR","@id":"https:\/\/www.coresilium.com\/fr\/#\/schema\/logo\/image\/","url":"https:\/\/www.coresilium.com\/wp-content\/uploads\/Coresilium-logo-2-1-ratio-e1692234432204.png","contentUrl":"https:\/\/www.coresilium.com\/wp-content\/uploads\/Coresilium-logo-2-1-ratio-e1692234432204.png","width":500,"height":127,"caption":"Coresilium"},"image":{"@id":"https:\/\/www.coresilium.com\/fr\/#\/schema\/logo\/image\/"},"sameAs":["https:\/\/www.linkedin.com\/company\/coresilium\/"]}]}},"_links":{"self":[{"href":"https:\/\/www.coresilium.com\/fr\/wp-json\/wp\/v2\/pages\/8330","targetHints":{"allow":["GET"]}}],"collection":[{"href":"https:\/\/www.coresilium.com\/fr\/wp-json\/wp\/v2\/pages"}],"about":[{"href":"https:\/\/www.coresilium.com\/fr\/wp-json\/wp\/v2\/types\/page"}],"author":[{"embeddable":true,"href":"https:\/\/www.coresilium.com\/fr\/wp-json\/wp\/v2\/users\/4"}],"replies":[{"embeddable":true,"href":"https:\/\/www.coresilium.com\/fr\/wp-json\/wp\/v2\/comments?post=8330"}],"version-history":[{"count":2,"href":"https:\/\/www.coresilium.com\/fr\/wp-json\/wp\/v2\/pages\/8330\/revisions"}],"predecessor-version":[{"id":12961,"href":"https:\/\/www.coresilium.com\/fr\/wp-json\/wp\/v2\/pages\/8330\/revisions\/12961"}],"wp:attachment":[{"href":"https:\/\/www.coresilium.com\/fr\/wp-json\/wp\/v2\/media?parent=8330"}],"curies":[{"name":"wp","href":"https:\/\/api.w.org\/{rel}","templated":true}]}}